{"id":15557,"date":"2025-01-24T11:09:33","date_gmt":"2025-01-24T10:09:33","guid":{"rendered":"https:\/\/www.lacasadelaire.org\/testnova\/haz-un-donativo\/"},"modified":"2025-12-03T12:54:41","modified_gmt":"2025-12-03T11:54:41","slug":"haz-un-donativo","status":"publish","type":"page","link":"https:\/\/lacasadelaire.org\/es\/haz-un-donativo\/","title":{"rendered":"Haz un donativo"},"content":{"rendered":"\t\t<div data-elementor-type=\"wp-page\" data-elementor-id=\"15557\" class=\"elementor elementor-15557 elementor-1265\">\n\t\t\t\t<div class=\"elementor-element elementor-element-f2085dc e-flex e-con-boxed e-con e-parent\" data-id=\"f2085dc\" data-element_type=\"container\" data-e-type=\"container\" data-settings=\"{&quot;background_background&quot;:&quot;classic&quot;}\">\n\t\t\t\t\t<div class=\"e-con-inner\">\n\t\t<div class=\"elementor-element elementor-element-526dbfb e-con-full e-flex e-con e-child\" data-id=\"526dbfb\" data-element_type=\"container\" data-e-type=\"container\">\n\t\t\t\t<div class=\"elementor-element elementor-element-c62c8cc sombra_titulo_imagen elementor-widget elementor-widget-heading\" data-id=\"c62c8cc\" data-element_type=\"widget\" data-e-type=\"widget\" data-widget_type=\"heading.default\">\n\t\t\t\t<div class=\"elementor-widget-container\">\n\t\t\t\t\t<h1 class=\"elementor-heading-title elementor-size-default\">Haz un donativo<\/h1>\t\t\t\t<\/div>\n\t\t\t\t<\/div>\n\t\t\t\t<\/div>\n\t\t\t\t\t<\/div>\n\t\t\t\t<\/div>\n\t\t<div class=\"elementor-element elementor-element-5224598 e-flex e-con-boxed e-con e-parent\" data-id=\"5224598\" data-element_type=\"container\" data-e-type=\"container\">\n\t\t\t\t\t<div class=\"e-con-inner\">\n\t\t<div class=\"elementor-element elementor-element-4eaa52a e-con-full e-flex e-con e-child\" data-id=\"4eaa52a\" data-element_type=\"container\" data-e-type=\"container\">\n\t\t\t\t<div class=\"elementor-element elementor-element-9a15e18 elementor-widget elementor-widget-text-editor\" data-id=\"9a15e18\" data-element_type=\"widget\" data-e-type=\"widget\" data-widget_type=\"text-editor.default\">\n\t\t\t\t<div class=\"elementor-widget-container\">\n\t\t\t\t\t\t\t\t\t<h3><span style=\"color: #ffffff;\">\u00a1Muchos ni\u00f1os y ni\u00f1as no tienen garantizados sus derechos!<\/span><\/h3><p><span style=\"color: #ffffff;\">1 de cada 3 ni\u00f1os y ni\u00f1as en Barcelona vive en riesgo de pobreza.<\/span><\/p><p><span style=\"color: #ffffff;\">En La Casa de l&#8217;Aire trabajamos para que ning\u00fan ni\u00f1o o ni\u00f1a en situaci\u00f3n de vulnerabilidad se quede atr\u00e1s. Queremos que crezcan en un entorno educativo y social rico en oportunidades, que les permita desarrollarse plenamente. <\/span><\/p><p><span style=\"color: #ffffff;\">Con tu donativo, colaboras directamente en proyectos de educaci\u00f3n medioambiental, acompa\u00f1amiento emocional, actividades de ocio y soporte social que contribuyen a un impacto positivo en el d\u00eda a d\u00eda de los ni\u00f1os.<\/span><\/p>\t\t\t\t\t\t\t\t<\/div>\n\t\t\t\t<\/div>\n\t\t\t\t<\/div>\n\t\t<div class=\"elementor-element elementor-element-9cf9e8b e-con-full e-flex e-con e-child\" data-id=\"9cf9e8b\" data-element_type=\"container\" data-e-type=\"container\">\n\t\t\t\t<div class=\"elementor-element elementor-element-f3829d6 elementor-widget elementor-widget-shortcode\" data-id=\"f3829d6\" data-element_type=\"widget\" data-e-type=\"widget\" data-widget_type=\"shortcode.default\">\n\t\t\t\t<div class=\"elementor-widget-container\">\n\t\t\t\t\t\t\t<div class=\"elementor-shortcode\">\n<div>\n    <div class=\"mostrarEnLinea\">\n        <div class=\"num selec\">1<\/div>\n    <\/div>\n    <div class=\"mostrarEnLinea\">\n        \u00b7\u00b7\n    <\/div>\n    <div class=\"mostrarEnLinea\">\n        <div class=\"num \">2<\/div>\n    <\/div>\n    <div class=\"mostrarEnLinea\">\n        \u00b7\u00b7\n    <\/div>\n    <div class=\"mostrarEnLinea\">\n        <div class=\"num \">3<\/div>\n    <\/div>\n<\/div><\/div>\n\t\t\t\t\t\t<\/div>\n\t\t\t\t<\/div>\n\t\t\t\t<div class=\"elementor-element elementor-element-cef8509 elementor-widget elementor-widget-text-editor\" data-id=\"cef8509\" data-element_type=\"widget\" data-e-type=\"widget\" data-widget_type=\"text-editor.default\">\n\t\t\t\t<div class=\"elementor-widget-container\">\n\t\t\t\t\t\t\t\t\t<h3>Quiero ayudar con mi aportaci\u00f3n<\/h3>\t\t\t\t\t\t\t\t<\/div>\n\t\t\t\t<\/div>\n\t\t\t\t<div class=\"elementor-element elementor-element-f6733a4 elementor-widget elementor-widget-text-editor\" data-id=\"f6733a4\" data-element_type=\"widget\" data-e-type=\"widget\" data-widget_type=\"text-editor.default\">\n\t\t\t\t<div class=\"elementor-widget-container\">\n\t\t\t\t\t\t\t\t\t<h5>Elige cu\u00e1nto quieres dar<\/h5>\t\t\t\t\t\t\t\t<\/div>\n\t\t\t\t<\/div>\n\t\t\t\t<div class=\"elementor-element elementor-element-3b08efb elementor-widget__width-inherit elementor-widget elementor-widget-shortcode\" data-id=\"3b08efb\" data-element_type=\"widget\" data-e-type=\"widget\" data-widget_type=\"shortcode.default\">\n\t\t\t\t<div class=\"elementor-widget-container\">\n\t\t\t\t\t\t\t<div class=\"elementor-shortcode\">\n<form action=\"\/es\/haz-un-donativo-paso-2\/\" id=\"formDonacions1\" name=\"formDonacions1\" class=\"formulariDonacions\" method=\"post\">\n\n    <div class=\"radio-group dosBotones\">\n        <input type=\"radio\" id=\"donantParticular\" name=\"tipus_donant\" value=\"particular\">\n        <label for=\"donantParticular\">S\u00f3c particular<\/label>\n\n        <input type=\"radio\" id=\"donantEmpresa\" name=\"tipus_donant\" value=\"empresa\">\n        <label for=\"donantEmpresa\">S\u00f3c empresa<\/label>\n    <\/div>\n\n    <div class=\"radio-group dosBotones\">\n        <input type=\"radio\" id=\"donantRecurrent\" name=\"tipus_donacio\" value=\"recurrent\">\n        <label for=\"donantRecurrent\">DONACI\u00d3N RECURRENTE<\/label>\n\n        <input type=\"radio\" id=\"donantPuntual\" name=\"tipus_donacio\" value=\"puntual\">\n        <label for=\"donantPuntual\">DONACI\u00d3N PUNTUAL<\/label>\n    <\/div>\n\n\n    <div id=\"recurrencia\" class=\"radio-group tresBotones letraPeque\" style=\"display: none;\">\n        <input type=\"radio\" id=\"recurrencia1\" name=\"recurrencia\" value=\"mensual\">\n        <label for=\"recurrencia1\">Mensual<\/label>\n\n        <input type=\"radio\" id=\"recurrencia2\" name=\"recurrencia\" value=\"trimestral\">\n        <label for=\"recurrencia2\">Trimestral<\/label>\n\n        <input type=\"radio\" id=\"recurrencia3\" name=\"recurrencia\" value=\"anual\">\n        <label for=\"recurrencia3\">Anual<\/label>\n    <\/div>\n\n\n    <div class=\"radio-group cuatroBotones letraPeque\">\n        <input type=\"radio\" id=\"import70\" name=\"quantitat\" value=\"70\">\n        <label for=\"import70\">70 \u20ac<\/label>\n\n        <input type=\"radio\" id=\"import120\" name=\"quantitat\" value=\"120\">\n        <label for=\"import120\">120 \u20ac<\/label>\n\n        <input type=\"radio\" id=\"import300\" name=\"quantitat\" value=\"300\">\n        <label for=\"import300\">300 \u20ac<\/label>\n\n        <input type=\"radio\" id=\"altreImport\" name=\"quantitat\" value=\"altre\">\n        <label for=\"altreImport\" style=\"width: 40%;\">Otros importes<\/label>\n    <\/div>\n\t\n\t<div id=\"campAltreImport\">\n\t\t<input type=\"text\" placeholder=\"Importe (Sin decimales)\" name=\"altre_import\" \/>\n    <\/div>\n\n    <br>\n\n    <div>\n        E-mail *<br>\n        <input type=\"email\" name=\"email\" \/>\n    <\/div>\n\n    <br>\n\n    <div class=\"he_leido\">\n        <input type=\"checkbox\" name=\"politica\" id=\"politica\"> He le\u00eddo y acepto la <a href=\"https:\/\/www.lacasadelaire.org\/testnova\/es\/politica-de-privacidad\/\" style='color: inherit; text-decoration: underline' >pol\u00edtica de privacidad<\/a> de datos y condiciones de uso.    <\/div>\n\n    <br>\n\n    <button type=\"submit\" class=\"boton_enviar_form\">Continuar<\/button>\n\n<\/form><\/div>\n\t\t\t\t\t\t<\/div>\n\t\t\t\t<\/div>\n\t\t\t\t<\/div>\n\t\t\t\t\t<\/div>\n\t\t\t\t<\/div>\n\t\t\t\t<\/div>\n\t\t","protected":false},"excerpt":{"rendered":"<p>Haz un donativo \u00a1Muchos ni\u00f1os y ni\u00f1as no tienen garantizados sus derechos! 1 de cada 3 ni\u00f1os y ni\u00f1as en Barcelona vive en riesgo de pobreza. En La Casa de l&#8217;Aire trabajamos para que ning\u00fan [&hellip;]<\/p>\n","protected":false},"author":1,"featured_media":18024,"parent":0,"menu_order":0,"comment_status":"closed","ping_status":"closed","template":"","meta":{"site-sidebar-layout":"no-sidebar","site-content-layout":"page-builder","ast-site-content-layout":"full-width-container","site-content-style":"unboxed","site-sidebar-style":"unboxed","ast-global-header-display":"","ast-banner-title-visibility":"","ast-main-header-display":"","ast-hfb-above-header-display":"","ast-hfb-below-header-display":"","ast-hfb-mobile-header-display":"","site-post-title":"disabled","ast-breadcrumbs-content":"disabled","ast-featured-img":"disabled","footer-sml-layout":"","ast-disable-related-posts":"","theme-transparent-header-meta":"default","adv-header-id-meta":"","stick-header-meta":"","header-above-stick-meta":"","header-main-stick-meta":"","header-below-stick-meta":"","astra-migrate-meta-layouts":"set","ast-page-background-enabled":"default","ast-page-background-meta":{"desktop":{"background-color":"","background-image":"","background-repeat":"repeat","background-position":"center center","background-size":"auto","background-attachment":"scroll","background-type":"","background-media":"","overlay-type":"","overlay-color":"","overlay-opacity":"","overlay-gradient":""},"tablet":{"background-color":"","background-image":"","background-repeat":"repeat","background-position":"center center","background-size":"auto","background-attachment":"scroll","background-type":"","background-media":"","overlay-type":"","overlay-color":"","overlay-opacity":"","overlay-gradient":""},"mobile":{"background-color":"","background-image":"","background-repeat":"repeat","background-position":"center center","background-size":"auto","background-attachment":"scroll","background-type":"","background-media":"","overlay-type":"","overlay-color":"","overlay-opacity":"","overlay-gradient":""}},"ast-content-background-meta":{"desktop":{"background-color":"var(--ast-global-color-5)","background-image":"","background-repeat":"repeat","background-position":"center center","background-size":"auto","background-attachment":"scroll","background-type":"","background-media":"","overlay-type":"","overlay-color":"","overlay-opacity":"","overlay-gradient":""},"tablet":{"background-color":"var(--ast-global-color-5)","background-image":"","background-repeat":"repeat","background-position":"center center","background-size":"auto","background-attachment":"scroll","background-type":"","background-media":"","overlay-type":"","overlay-color":"","overlay-opacity":"","overlay-gradient":""},"mobile":{"background-color":"var(--ast-global-color-5)","background-image":"","background-repeat":"repeat","background-position":"center center","background-size":"auto","background-attachment":"scroll","background-type":"","background-media":"","overlay-type":"","overlay-color":"","overlay-opacity":"","overlay-gradient":""}},"footnotes":""},"class_list":["post-15557","page","type-page","status-publish","has-post-thumbnail","hentry"],"yoast_head":"<!-- This site is optimized with the Yoast SEO plugin v27.1.1 - https:\/\/yoast.com\/product\/yoast-seo-wordpress\/ -->\n<title>Haz un donativo - Fundaci\u00f3 La Casa de l&#039;Aire Roger Torn\u00e9<\/title>\n<meta name=\"description\" content=\"Tu donativo ayuda a ni\u00f1os y nilas en situaci\u00f3n de vulnerabilidad a crecer con educaci\u00f3n, naturaleza, apoyo emocional y oportunidades reales.\" \/>\n<meta name=\"robots\" content=\"index, follow, max-snippet:-1, max-image-preview:large, max-video-preview:-1\" \/>\n<link rel=\"canonical\" href=\"https:\/\/lacasadelaire.org\/es\/haz-un-donativo\/\" \/>\n<meta property=\"og:locale\" content=\"es_ES\" \/>\n<meta property=\"og:type\" content=\"article\" \/>\n<meta property=\"og:title\" content=\"Haz un donativo - Fundaci\u00f3 La Casa de l&#039;Aire Roger Torn\u00e9\" \/>\n<meta property=\"og:description\" content=\"Tu donativo ayuda a ni\u00f1os y nilas en situaci\u00f3n de vulnerabilidad a crecer con educaci\u00f3n, naturaleza, apoyo emocional y oportunidades reales.\" \/>\n<meta property=\"og:url\" content=\"https:\/\/lacasadelaire.org\/es\/haz-un-donativo\/\" \/>\n<meta property=\"og:site_name\" content=\"Fundaci\u00f3 La Casa de l&#039;Aire Roger Torn\u00e9\" \/>\n<meta property=\"article:modified_time\" content=\"2025-12-03T11:54:41+00:00\" \/>\n<meta property=\"og:image\" content=\"https:\/\/lacasadelaire.org\/wp-content\/uploads\/2025\/12\/La_casa_de_lAire_Nadal_2025_col.labora.jpg\" \/>\n\t<meta property=\"og:image:width\" content=\"1920\" \/>\n\t<meta property=\"og:image:height\" content=\"700\" \/>\n\t<meta property=\"og:image:type\" content=\"image\/jpeg\" \/>\n<meta name=\"twitter:card\" content=\"summary_large_image\" \/>\n<meta name=\"twitter:label1\" content=\"Tiempo de lectura\" \/>\n\t<meta name=\"twitter:data1\" content=\"1 minuto\" \/>\n<script type=\"application\/ld+json\" class=\"yoast-schema-graph\">{\"@context\":\"https:\/\/schema.org\",\"@graph\":[{\"@type\":\"WebPage\",\"@id\":\"https:\/\/lacasadelaire.org\/es\/haz-un-donativo\/\",\"url\":\"https:\/\/lacasadelaire.org\/es\/haz-un-donativo\/\",\"name\":\"Haz un donativo - Fundaci\u00f3 La Casa de l&#039;Aire Roger Torn\u00e9\",\"isPartOf\":{\"@id\":\"https:\/\/lacasadelaire.org\/es\/#website\"},\"primaryImageOfPage\":{\"@id\":\"https:\/\/lacasadelaire.org\/es\/haz-un-donativo\/#primaryimage\"},\"image\":{\"@id\":\"https:\/\/lacasadelaire.org\/es\/haz-un-donativo\/#primaryimage\"},\"thumbnailUrl\":\"https:\/\/lacasadelaire.org\/wp-content\/uploads\/2025\/12\/La_casa_de_lAire_Nadal_2025_col.labora.jpg\",\"datePublished\":\"2025-01-24T10:09:33+00:00\",\"dateModified\":\"2025-12-03T11:54:41+00:00\",\"description\":\"Tu donativo ayuda a ni\u00f1os y nilas en situaci\u00f3n de vulnerabilidad a crecer con educaci\u00f3n, naturaleza, apoyo emocional y oportunidades reales.\",\"breadcrumb\":{\"@id\":\"https:\/\/lacasadelaire.org\/es\/haz-un-donativo\/#breadcrumb\"},\"inLanguage\":\"es\",\"potentialAction\":[{\"@type\":\"ReadAction\",\"target\":[\"https:\/\/lacasadelaire.org\/es\/haz-un-donativo\/\"]}]},{\"@type\":\"ImageObject\",\"inLanguage\":\"es\",\"@id\":\"https:\/\/lacasadelaire.org\/es\/haz-un-donativo\/#primaryimage\",\"url\":\"https:\/\/lacasadelaire.org\/wp-content\/uploads\/2025\/12\/La_casa_de_lAire_Nadal_2025_col.labora.jpg\",\"contentUrl\":\"https:\/\/lacasadelaire.org\/wp-content\/uploads\/2025\/12\/La_casa_de_lAire_Nadal_2025_col.labora.jpg\",\"width\":1920,\"height\":700,\"caption\":\"col\u00b7labora\"},{\"@type\":\"BreadcrumbList\",\"@id\":\"https:\/\/lacasadelaire.org\/es\/haz-un-donativo\/#breadcrumb\",\"itemListElement\":[{\"@type\":\"ListItem\",\"position\":1,\"name\":\"Inici\",\"item\":\"https:\/\/lacasadelaire.org\/es\/\"},{\"@type\":\"ListItem\",\"position\":2,\"name\":\"Haz un donativo\"}]},{\"@type\":\"WebSite\",\"@id\":\"https:\/\/lacasadelaire.org\/es\/#website\",\"url\":\"https:\/\/lacasadelaire.org\/es\/\",\"name\":\"Fundaci\u00f3 La Casa de l'Aire Roger Torn\u00e9\",\"description\":\"\",\"publisher\":{\"@id\":\"https:\/\/lacasadelaire.org\/es\/#organization\"},\"potentialAction\":[{\"@type\":\"SearchAction\",\"target\":{\"@type\":\"EntryPoint\",\"urlTemplate\":\"https:\/\/lacasadelaire.org\/es\/?s={search_term_string}\"},\"query-input\":{\"@type\":\"PropertyValueSpecification\",\"valueRequired\":true,\"valueName\":\"search_term_string\"}}],\"inLanguage\":\"es\"},{\"@type\":\"Organization\",\"@id\":\"https:\/\/lacasadelaire.org\/es\/#organization\",\"name\":\"Fundaci\u00f3 La Casa de l'Aire Roger Torn\u00e9\",\"url\":\"https:\/\/lacasadelaire.org\/es\/\",\"logo\":{\"@type\":\"ImageObject\",\"inLanguage\":\"es\",\"@id\":\"https:\/\/lacasadelaire.org\/es\/#\/schema\/logo\/image\/\",\"url\":\"https:\/\/lacasadelaire.org\/wp-content\/uploads\/2025\/06\/logo_lcda_2025_fondo_transparente.png\",\"contentUrl\":\"https:\/\/lacasadelaire.org\/wp-content\/uploads\/2025\/06\/logo_lcda_2025_fondo_transparente.png\",\"width\":347,\"height\":239,\"caption\":\"Fundaci\u00f3 La Casa de l'Aire Roger Torn\u00e9\"},\"image\":{\"@id\":\"https:\/\/lacasadelaire.org\/es\/#\/schema\/logo\/image\/\"}}]}<\/script>\n<!-- \/ Yoast SEO plugin. -->","yoast_head_json":{"title":"Haz un donativo - Fundaci\u00f3 La Casa de l&#039;Aire Roger Torn\u00e9","description":"Tu donativo ayuda a ni\u00f1os y nilas en situaci\u00f3n de vulnerabilidad a crecer con educaci\u00f3n, naturaleza, apoyo emocional y oportunidades reales.","robots":{"index":"index","follow":"follow","max-snippet":"max-snippet:-1","max-image-preview":"max-image-preview:large","max-video-preview":"max-video-preview:-1"},"canonical":"https:\/\/lacasadelaire.org\/es\/haz-un-donativo\/","og_locale":"es_ES","og_type":"article","og_title":"Haz un donativo - Fundaci\u00f3 La Casa de l&#039;Aire Roger Torn\u00e9","og_description":"Tu donativo ayuda a ni\u00f1os y nilas en situaci\u00f3n de vulnerabilidad a crecer con educaci\u00f3n, naturaleza, apoyo emocional y oportunidades reales.","og_url":"https:\/\/lacasadelaire.org\/es\/haz-un-donativo\/","og_site_name":"Fundaci\u00f3 La Casa de l&#039;Aire Roger Torn\u00e9","article_modified_time":"2025-12-03T11:54:41+00:00","og_image":[{"width":1920,"height":700,"url":"https:\/\/lacasadelaire.org\/wp-content\/uploads\/2025\/12\/La_casa_de_lAire_Nadal_2025_col.labora.jpg","type":"image\/jpeg"}],"twitter_card":"summary_large_image","twitter_misc":{"Tiempo de lectura":"1 minuto"},"schema":{"@context":"https:\/\/schema.org","@graph":[{"@type":"WebPage","@id":"https:\/\/lacasadelaire.org\/es\/haz-un-donativo\/","url":"https:\/\/lacasadelaire.org\/es\/haz-un-donativo\/","name":"Haz un donativo - Fundaci\u00f3 La Casa de l&#039;Aire Roger Torn\u00e9","isPartOf":{"@id":"https:\/\/lacasadelaire.org\/es\/#website"},"primaryImageOfPage":{"@id":"https:\/\/lacasadelaire.org\/es\/haz-un-donativo\/#primaryimage"},"image":{"@id":"https:\/\/lacasadelaire.org\/es\/haz-un-donativo\/#primaryimage"},"thumbnailUrl":"https:\/\/lacasadelaire.org\/wp-content\/uploads\/2025\/12\/La_casa_de_lAire_Nadal_2025_col.labora.jpg","datePublished":"2025-01-24T10:09:33+00:00","dateModified":"2025-12-03T11:54:41+00:00","description":"Tu donativo ayuda a ni\u00f1os y nilas en situaci\u00f3n de vulnerabilidad a crecer con educaci\u00f3n, naturaleza, apoyo emocional y oportunidades reales.","breadcrumb":{"@id":"https:\/\/lacasadelaire.org\/es\/haz-un-donativo\/#breadcrumb"},"inLanguage":"es","potentialAction":[{"@type":"ReadAction","target":["https:\/\/lacasadelaire.org\/es\/haz-un-donativo\/"]}]},{"@type":"ImageObject","inLanguage":"es","@id":"https:\/\/lacasadelaire.org\/es\/haz-un-donativo\/#primaryimage","url":"https:\/\/lacasadelaire.org\/wp-content\/uploads\/2025\/12\/La_casa_de_lAire_Nadal_2025_col.labora.jpg","contentUrl":"https:\/\/lacasadelaire.org\/wp-content\/uploads\/2025\/12\/La_casa_de_lAire_Nadal_2025_col.labora.jpg","width":1920,"height":700,"caption":"col\u00b7labora"},{"@type":"BreadcrumbList","@id":"https:\/\/lacasadelaire.org\/es\/haz-un-donativo\/#breadcrumb","itemListElement":[{"@type":"ListItem","position":1,"name":"Inici","item":"https:\/\/lacasadelaire.org\/es\/"},{"@type":"ListItem","position":2,"name":"Haz un donativo"}]},{"@type":"WebSite","@id":"https:\/\/lacasadelaire.org\/es\/#website","url":"https:\/\/lacasadelaire.org\/es\/","name":"Fundaci\u00f3 La Casa de l'Aire Roger Torn\u00e9","description":"","publisher":{"@id":"https:\/\/lacasadelaire.org\/es\/#organization"},"potentialAction":[{"@type":"SearchAction","target":{"@type":"EntryPoint","urlTemplate":"https:\/\/lacasadelaire.org\/es\/?s={search_term_string}"},"query-input":{"@type":"PropertyValueSpecification","valueRequired":true,"valueName":"search_term_string"}}],"inLanguage":"es"},{"@type":"Organization","@id":"https:\/\/lacasadelaire.org\/es\/#organization","name":"Fundaci\u00f3 La Casa de l'Aire Roger Torn\u00e9","url":"https:\/\/lacasadelaire.org\/es\/","logo":{"@type":"ImageObject","inLanguage":"es","@id":"https:\/\/lacasadelaire.org\/es\/#\/schema\/logo\/image\/","url":"https:\/\/lacasadelaire.org\/wp-content\/uploads\/2025\/06\/logo_lcda_2025_fondo_transparente.png","contentUrl":"https:\/\/lacasadelaire.org\/wp-content\/uploads\/2025\/06\/logo_lcda_2025_fondo_transparente.png","width":347,"height":239,"caption":"Fundaci\u00f3 La Casa de l'Aire Roger Torn\u00e9"},"image":{"@id":"https:\/\/lacasadelaire.org\/es\/#\/schema\/logo\/image\/"}}]}},"_links":{"self":[{"href":"https:\/\/lacasadelaire.org\/es\/wp-json\/wp\/v2\/pages\/15557","targetHints":{"allow":["GET"]}}],"collection":[{"href":"https:\/\/lacasadelaire.org\/es\/wp-json\/wp\/v2\/pages"}],"about":[{"href":"https:\/\/lacasadelaire.org\/es\/wp-json\/wp\/v2\/types\/page"}],"author":[{"embeddable":true,"href":"https:\/\/lacasadelaire.org\/es\/wp-json\/wp\/v2\/users\/1"}],"replies":[{"embeddable":true,"href":"https:\/\/lacasadelaire.org\/es\/wp-json\/wp\/v2\/comments?post=15557"}],"version-history":[{"count":8,"href":"https:\/\/lacasadelaire.org\/es\/wp-json\/wp\/v2\/pages\/15557\/revisions"}],"predecessor-version":[{"id":18037,"href":"https:\/\/lacasadelaire.org\/es\/wp-json\/wp\/v2\/pages\/15557\/revisions\/18037"}],"wp:featuredmedia":[{"embeddable":true,"href":"https:\/\/lacasadelaire.org\/es\/wp-json\/wp\/v2\/media\/18024"}],"wp:attachment":[{"href":"https:\/\/lacasadelaire.org\/es\/wp-json\/wp\/v2\/media?parent=15557"}],"curies":[{"name":"wp","href":"https:\/\/api.w.org\/{rel}","templated":true}]}}